{"id":55805,"date":"2024-07-26T13:31:01","date_gmt":"2024-07-26T11:31:01","guid":{"rendered":"https:\/\/aquariatech.com\/?post_type=product&#038;p=55805"},"modified":"2026-04-16T08:28:44","modified_gmt":"2026-04-16T06:28:44","slug":"aquriatech-bottle-garden-terrario-boccia-sferica-in-vetro-cm30x245h","status":"publish","type":"product","link":"https:\/\/aquariatech.com\/es\/producto\/aquriatech-bottle-garden-terrario-boccia-sferica-in-vetro-cm30x245h","title":{"rendered":"Bottle Garden &#8211; Terrario Boccia sferica in vetro cm30x24,5h 12lt"},"content":{"rendered":"<p>Jarr\u00f3n de cristal para hacer terrarios en miniatura, mini ecosistemas para recrear un rinc\u00f3n de naturaleza en casa.<\/p>\n<p>Dimensioni (mm): \u00d83000x245h; bocca: \u00d8190<\/p>\n<p><span class=\"HwtZe\" lang=\"it\"><span class=\"jCAhz ChMk0b\"><span class=\"ryNqvb\">El terrario abierto\u00a0<\/span><\/span><\/span><span class=\"HwtZe\" lang=\"it\"><span class=\"jCAhz ChMk0b\"><span class=\"ryNqvb\">requiere una atenci\u00f3n especial al contenido de humedad del suelo, ya que el agua evaporada no es \"reutilizada\" por el sistema y, por lo tanto, debe compensarse manualmente, es decir, es necesario regar las plantas con regularidad.<\/span><\/span><\/span><\/p>\n<p><span class=\"HwtZe\" lang=\"it\"><span class=\"jCAhz ChMk0b\"><span class=\"ryNqvb\">Por lo tanto, es desaconsejable instalarlos con plantas que requieran un alto nivel de humedad; para este tipo de terrarios, son perfectas las suculentas o, alternativamente, las plantas que pueden crecer bien con un riego manual regular.<\/span><\/span><\/span><br \/>\n<span class=\"HwtZe\" lang=\"it\"><span class=\"jCAhz ChMk0b\"><span class=\"ryNqvb\">Para este tipo de terrario, el uso de un fondo drenante (que act\u00faa como dep\u00f3sito de recogida) no es, por tanto, indispensable, aunque s\u00ed recomendable.<\/span><\/span><\/span><\/p>\n<p><span class=\"HwtZe\" lang=\"it\"><span class=\"jCAhz ChMk0b\"><span class=\"ryNqvb\">Se recomienda colocar el terrario, abierto o cerrado, en un lugar bien iluminado, siempre que no est\u00e9 expuesto a la luz solar directa.<\/span><\/span><\/span><\/p>","protected":false},"excerpt":{"rendered":"<ul>\n<li>Vaso aperto circolare in vetro<\/li>\n<li>Per la realizzazione di terrari in miniatura<\/li>\n<li>Dimensioni cm: 30&#215;24,5h<\/li>\n<\/ul>","protected":false},"featured_media":55873,"template":"","meta":[],"product_brand":[],"product_cat":[550],"product_tag":[],"class_list":{"0":"post-55805","1":"product","2":"type-product","3":"status-publish","4":"has-post-thumbnail","6":"product_cat-terrari-e-tartarughiere","7":"pa_brand_nc-https-aquariatech-com-brand_nc-bottle-garden","9":"first","10":"instock","11":"taxable","12":"shipping-taxable","13":"purchasable","14":"product-type-simple"},"group_of_quantity":0,"min_quantity":0,"max_quantity":"","exclude_order_quantity_value_rules":"no","exclude_category_quantity_rules":"no","combine_variations":"no","_links":{"self":[{"href":"https:\/\/aquariatech.com\/es\/wp-json\/wp\/v2\/product\/55805","targetHints":{"allow":["GET"]}}],"collection":[{"href":"https:\/\/aquariatech.com\/es\/wp-json\/wp\/v2\/product"}],"about":[{"href":"https:\/\/aquariatech.com\/es\/wp-json\/wp\/v2\/types\/product"}],"wp:featuredmedia":[{"embeddable":true,"href":"https:\/\/aquariatech.com\/es\/wp-json\/wp\/v2\/media\/55873"}],"wp:attachment":[{"href":"https:\/\/aquariatech.com\/es\/wp-json\/wp\/v2\/media?parent=55805"}],"wp:term":[{"taxonomy":"product_brand","embeddable":true,"href":"https:\/\/aquariatech.com\/es\/wp-json\/wp\/v2\/product_brand?post=55805"},{"taxonomy":"product_cat","embeddable":true,"href":"https:\/\/aquariatech.com\/es\/wp-json\/wp\/v2\/product_cat?post=55805"},{"taxonomy":"product_tag","embeddable":true,"href":"https:\/\/aquariatech.com\/es\/wp-json\/wp\/v2\/product_tag?post=55805"}],"curies":[{"name":"wp","href":"https:\/\/api.w.org\/{rel}","templated":true}]}}